{"id":2754,"date":"2023-10-10T13:57:01","date_gmt":"2023-10-10T13:57:01","guid":{"rendered":"https:\/\/h.elos.dev\/site\/case-gurumatch-2\/"},"modified":"2023-10-16T14:33:41","modified_gmt":"2023-10-16T14:33:41","slug":"gurumatch","status":"publish","type":"page","link":"https:\/\/h.elos.dev\/site\/en\/gurumatch\/","title":{"rendered":"Case GuruMatch"},"content":{"rendered":"<div data-elementor-type=\"wp-page\" data-elementor-id=\"2754\" class=\"elementor elementor-2754\">\n\t\t\t\t<div class=\"elementor-element elementor-element-75f91931 e-flex e-con-boxed elementor-invisible e-con e-parent\" data-id=\"75f91931\" data-element_type=\"container\" data-settings=\"{&quot;background_background&quot;:&quot;classic&quot;,&quot;animation&quot;:&quot;fadeIn&quot;}\">\n\t\t\t\t\t<div class=\"e-con-inner\">\n\t\t<div class=\"elementor-element elementor-element-36c45e7a e-con-full e-flex e-con e-child\" data-id=\"36c45e7a\" data-element_type=\"container\" data-settings=\"{&quot;background_background&quot;:&quot;classic&quot;}\">\n\t\t\t\t<div class=\"elementor-element elementor-element-870c241 elementor-widget elementor-widget-image\" data-id=\"870c241\" data-element_type=\"widget\" data-widget_type=\"image.default\">\n\t\t\t\t<div class=\"elementor-widget-container\">\n\t\t\t\t\t\t\t\t\t\t\t\t\t\t\t<img decoding=\"async\" src=\"https:\/\/h.elos.dev\/wp-content\/uploads\/2023\/10\/GuruMatch-320x80-1.svg\" class=\"attachment-full size-full wp-image-2566\" alt=\"\" \/>\t\t\t\t\t\t\t\t\t\t\t\t\t\t\t<\/div>\n\t\t\t\t<\/div>\n\t\t\t\t<\/div>\n\t\t\t\t\t<\/div>\n\t\t\t\t<\/div>\n\t\t<div class=\"elementor-element elementor-element-7dcdeb95 e-flex e-con-boxed elementor-invisible e-con e-parent\" data-id=\"7dcdeb95\" data-element_type=\"container\" data-settings=\"{&quot;animation&quot;:&quot;fadeIn&quot;}\">\n\t\t\t\t\t<div class=\"e-con-inner\">\n\t\t\t\t<div class=\"elementor-element elementor-element-2583d1dd elementor-widget elementor-widget-icon-box\" data-id=\"2583d1dd\" data-element_type=\"widget\" data-widget_type=\"icon-box.default\">\n\t\t\t\t<div class=\"elementor-widget-container\">\n\t\t\t\t\t\t\t<div class=\"elementor-icon-box-wrapper\">\n\n\t\t\t\n\t\t\t\t\t\t<div class=\"elementor-icon-box-content\">\n\n\t\t\t\t\n\t\t\t\t\t\t\t\t\t<p class=\"elementor-icon-box-description\">\n\t\t\t\t\t\tAmid a change in thinking regarding the importance of online education, GuruMatch saw the need for a complete virtual classroom platform, capable of meeting student demands with quality and easy integration.\t\t\t\t\t<\/p>\n\t\t\t\t\n\t\t\t<\/div>\n\t\t\t\n\t\t<\/div>\n\t\t\t\t\t\t<\/div>\n\t\t\t\t<\/div>\n\t\t<div class=\"elementor-element elementor-element-5c162bc e-flex e-con-boxed e-con e-child\" data-id=\"5c162bc\" data-element_type=\"container\">\n\t\t\t\t\t<div class=\"e-con-inner\">\n\t\t\t\t<div class=\"elementor-element elementor-element-2ef8e600 elementor-widget elementor-widget-heading\" data-id=\"2ef8e600\" data-element_type=\"widget\" data-widget_type=\"heading.default\">\n\t\t\t\t<div class=\"elementor-widget-container\">\n\t\t\t\t\t<h2 class=\"elementor-heading-title elementor-size-default\">Como auxiliamos a GuruMatch?<\/h2>\t\t\t\t<\/div>\n\t\t\t\t<\/div>\n\t\t\t\t<div class=\"elementor-element elementor-element-696ca35a elementor-widget elementor-widget-text-editor\" data-id=\"696ca35a\" data-element_type=\"widget\" data-widget_type=\"text-editor.default\">\n\t\t\t\t<div class=\"elementor-widget-container\">\n\t\t\t\t\t\t\t\t\t<ul><li aria-level=\"1\">Integra\u00e7\u00e3o via API ao sistema que a empresa j\u00e1 possu\u00eda;<br \/><br \/><\/li><li aria-level=\"1\">Facilidade de acesso, de uso e performance avan\u00e7ada;<br \/><br \/><\/li><li aria-level=\"1\">Funcionalidades com foco total no ensino e aprendizagem;<br \/><br \/><\/li><li aria-level=\"1\">Rela\u00e7\u00e3o custo-benef\u00edcio.<\/li><\/ul>\t\t\t\t\t\t\t\t<\/div>\n\t\t\t\t<\/div>\n\t\t\t\t\t<\/div>\n\t\t\t\t<\/div>\n\t\t<div class=\"elementor-element elementor-element-55945f0b e-flex e-con-boxed e-con e-child\" data-id=\"55945f0b\" data-element_type=\"container\" data-settings=\"{&quot;background_background&quot;:&quot;classic&quot;}\">\n\t\t\t\t\t<div class=\"e-con-inner\">\n\t\t\t\t<div class=\"elementor-element elementor-element-50e7367a elementor-widget elementor-widget-text-editor\" data-id=\"50e7367a\" data-element_type=\"widget\" data-widget_type=\"text-editor.default\">\n\t\t\t\t<div class=\"elementor-widget-container\">\n\t\t\t\t\t\t\t\t\t<p><i><span style=\"font-weight: 400;\">\u201cOs clientes gostam muito da forma como os alunos entram na sala! Como n\u00e3o \u00e9 preciso instalar nada no dispositivo para acessar o Elos, o aluno tem v\u00e1rios caminhos para clicar e ingressar imediatamente na sala de aula, sem nenhuma complica\u00e7\u00e3o t\u00e9cnica.\u201d &#8211; <\/span><\/i><b><i>Luciano Silva, Guru Executive Office.<\/i><\/b><\/p>\t\t\t\t\t\t\t\t<\/div>\n\t\t\t\t<\/div>\n\t\t\t\t\t<\/div>\n\t\t\t\t<\/div>\n\t\t\t\t\t<\/div>\n\t\t\t\t<\/div>\n\t\t<div class=\"elementor-element elementor-element-7e1fca3b e-flex e-con-boxed elementor-invisible e-con e-parent\" data-id=\"7e1fca3b\" data-element_type=\"container\" data-settings=\"{&quot;background_background&quot;:&quot;classic&quot;,&quot;animation&quot;:&quot;fadeIn&quot;}\">\n\t\t\t\t\t<div class=\"e-con-inner\">\n\t\t\t\t<div class=\"elementor-element elementor-element-e5bfe63 elementor-widget__width-initial elementor-widget elementor-widget-heading\" data-id=\"e5bfe63\" data-element_type=\"widget\" data-widget_type=\"heading.default\">\n\t\t\t\t<div class=\"elementor-widget-container\">\n\t\t\t\t\t<h2 class=\"elementor-heading-title elementor-size-default\">If you also want to have these results, get in touch with us<\/h2>\t\t\t\t<\/div>\n\t\t\t\t<\/div>\n\t\t\t\t<div class=\"elementor-element elementor-element-89ce4a4 elementor-widget elementor-widget-button\" data-id=\"89ce4a4\" data-element_type=\"widget\" data-widget_type=\"button.default\">\n\t\t\t\t<div class=\"elementor-widget-container\">\n\t\t\t\t\t\t\t\t\t<div class=\"elementor-button-wrapper\">\n\t\t\t\t\t<a class=\"elementor-button elementor-button-link elementor-size-sm elementor-animation-grow\" href=\"https:\/\/h.elos.dev\/site\/en\/agendar-demonstracao\/\">\n\t\t\t\t\t\t<span class=\"elementor-button-content-wrapper\">\n\t\t\t\t\t\t\t\t\t<span class=\"elementor-button-text\">Speak to an expert<\/span>\n\t\t\t\t\t<\/span>\n\t\t\t\t\t<\/a>\n\t\t\t\t<\/div>\n\t\t\t\t\t\t\t\t<\/div>\n\t\t\t\t<\/div>\n\t\t\t\t\t<\/div>\n\t\t\t\t<\/div>\n\t\t<div class=\"elementor-element elementor-element-45cd3213 e-flex e-con-boxed e-con e-parent\" data-id=\"45cd3213\" data-element_type=\"container\">\n\t\t\t\t\t<div class=\"e-con-inner\">\n\t\t<div class=\"elementor-element elementor-element-70093a7c e-flex e-con-boxed e-con e-child\" data-id=\"70093a7c\" data-element_type=\"container\">\n\t\t\t\t\t<div class=\"e-con-inner\">\n\t\t\t\t<div class=\"elementor-element elementor-element-2e01ce7d elementor-widget elementor-widget-html\" data-id=\"2e01ce7d\" data-element_type=\"widget\" data-widget_type=\"html.default\">\n\t\t\t\t<div class=\"elementor-widget-container\">\n\t\t\t\t\t<style>\n    .content {\n        max-width: 1310px;\n    }\n<\/style>\t\t\t\t<\/div>\n\t\t\t\t<\/div>\n\t\t\t\t\t<\/div>\n\t\t\t\t<\/div>\n\t\t\t\t\t<\/div>\n\t\t\t\t<\/div>\n\t\t\t\t<\/div>","protected":false},"excerpt":{"rendered":"<p>Em meio a uma mudan\u00e7a de pensamento em rela\u00e7\u00e3o a import\u00e2ncia da educa\u00e7\u00e3o online, a GuruMatch viu a necessidade de uma plataforma de sala de aula virtual completa, capaz de atender a demanda dos alunos com qualidade e de f\u00e1cil integra\u00e7\u00e3o. Como auxiliamos a GuruMatch? Integra\u00e7\u00e3o via API ao sistema que a empresa j\u00e1 possu\u00eda; [&hellip;]<\/p>","protected":false},"author":1,"featured_media":0,"parent":0,"menu_order":0,"comment_status":"closed","ping_status":"closed","template":"elementor_header_footer","meta":{"footnotes":""},"class_list":["post-2754","page","type-page","status-publish","hentry"],"aioseo_notices":[],"_links":{"self":[{"href":"https:\/\/h.elos.dev\/site\/en\/wp-json\/wp\/v2\/pages\/2754","targetHints":{"allow":["GET"]}}],"collection":[{"href":"https:\/\/h.elos.dev\/site\/en\/wp-json\/wp\/v2\/pages"}],"about":[{"href":"https:\/\/h.elos.dev\/site\/en\/wp-json\/wp\/v2\/types\/page"}],"author":[{"embeddable":true,"href":"https:\/\/h.elos.dev\/site\/en\/wp-json\/wp\/v2\/users\/1"}],"replies":[{"embeddable":true,"href":"https:\/\/h.elos.dev\/site\/en\/wp-json\/wp\/v2\/comments?post=2754"}],"version-history":[{"count":13,"href":"https:\/\/h.elos.dev\/site\/en\/wp-json\/wp\/v2\/pages\/2754\/revisions"}],"predecessor-version":[{"id":3135,"href":"https:\/\/h.elos.dev\/site\/en\/wp-json\/wp\/v2\/pages\/2754\/revisions\/3135"}],"wp:attachment":[{"href":"https:\/\/h.elos.dev\/site\/en\/wp-json\/wp\/v2\/media?parent=2754"}],"curies":[{"name":"wp","href":"https:\/\/api.w.org\/{rel}","templated":true}]}}