{"id":2772,"date":"2023-10-10T13:57:01","date_gmt":"2023-10-10T13:57:01","guid":{"rendered":"https:\/\/h.elos.dev\/site\/case-mackenzie-2\/"},"modified":"2023-10-16T14:33:56","modified_gmt":"2023-10-16T14:33:56","slug":"mackenzie","status":"publish","type":"page","link":"https:\/\/h.elos.dev\/site\/es\/mackenzie\/","title":{"rendered":"Case Mackenzie"},"content":{"rendered":"<div data-elementor-type=\"wp-page\" data-elementor-id=\"2772\" class=\"elementor elementor-2772\">\n\t\t\t\t<div class=\"elementor-element elementor-element-8104477 e-flex e-con-boxed elementor-invisible e-con e-parent\" data-id=\"8104477\" data-element_type=\"container\" data-settings=\"{&quot;background_background&quot;:&quot;classic&quot;,&quot;animation&quot;:&quot;fadeIn&quot;}\">\n\t\t\t\t\t<div class=\"e-con-inner\">\n\t\t<div class=\"elementor-element elementor-element-3df680e6 e-con-full e-flex e-con e-child\" data-id=\"3df680e6\" data-element_type=\"container\" data-settings=\"{&quot;background_background&quot;:&quot;classic&quot;}\">\n\t\t\t\t<div class=\"elementor-element elementor-element-536e2542 elementor-widget elementor-widget-image\" data-id=\"536e2542\" data-element_type=\"widget\" data-widget_type=\"image.default\">\n\t\t\t\t<div class=\"elementor-widget-container\">\n\t\t\t\t\t\t\t\t\t\t\t\t\t\t\t<img decoding=\"async\" src=\"https:\/\/h.elos.dev\/wp-content\/uploads\/2023\/10\/MCK_horizontal_vermelho-1.svg\" class=\"attachment-full size-full wp-image-2490\" alt=\"\" \/>\t\t\t\t\t\t\t\t\t\t\t\t\t\t\t<\/div>\n\t\t\t\t<\/div>\n\t\t\t\t<\/div>\n\t\t\t\t\t<\/div>\n\t\t\t\t<\/div>\n\t\t<div class=\"elementor-element elementor-element-598e2107 e-flex e-con-boxed elementor-invisible e-con e-parent\" data-id=\"598e2107\" data-element_type=\"container\" data-settings=\"{&quot;animation&quot;:&quot;fadeIn&quot;}\">\n\t\t\t\t\t<div class=\"e-con-inner\">\n\t\t\t\t<div class=\"elementor-element elementor-element-6cea0758 elementor-widget elementor-widget-icon-box\" data-id=\"6cea0758\" data-element_type=\"widget\" data-widget_type=\"icon-box.default\">\n\t\t\t\t<div class=\"elementor-widget-container\">\n\t\t\t\t\t\t\t<div class=\"elementor-icon-box-wrapper\">\n\n\t\t\t\n\t\t\t\t\t\t<div class=\"elementor-icon-box-content\">\n\n\t\t\t\t\n\t\t\t\t\t\t\t\t\t<p class=\"elementor-icon-box-description\">\n\t\t\t\t\t\tDebido a la necesidad de escalar el sistema de aula virtual utilizado por la Instituci\u00f3n, con estabilidad para soportar la gran cantidad de estudiantes y clases simult\u00e1neas e integraci\u00f3n con el sistema Moodle, se comenz\u00f3 a dise\u00f1ar la alianza entre Elos y Mackenzie.\t\t\t\t\t<\/p>\n\t\t\t\t\n\t\t\t<\/div>\n\t\t\t\n\t\t<\/div>\n\t\t\t\t\t\t<\/div>\n\t\t\t\t<\/div>\n\t\t<div class=\"elementor-element elementor-element-37cd861b e-flex e-con-boxed e-con e-child\" data-id=\"37cd861b\" data-element_type=\"container\">\n\t\t\t\t\t<div class=\"e-con-inner\">\n\t\t\t\t<div class=\"elementor-element elementor-element-6b446326 elementor-widget elementor-widget-heading\" data-id=\"6b446326\" data-element_type=\"widget\" data-widget_type=\"heading.default\">\n\t\t\t\t<div class=\"elementor-widget-container\">\n\t\t\t\t\t<h2 class=\"elementor-heading-title elementor-size-default\">Como auxiliamos o Mackenzie?<\/h2>\t\t\t\t<\/div>\n\t\t\t\t<\/div>\n\t\t\t\t<div class=\"elementor-element elementor-element-7a8bda8e elementor-widget elementor-widget-text-editor\" data-id=\"7a8bda8e\" data-element_type=\"widget\" data-widget_type=\"text-editor.default\">\n\t\t\t\t<div class=\"elementor-widget-container\">\n\t\t\t\t\t\t\t\t\t<ul><li aria-level=\"1\">A integra\u00e7\u00e3o seguiu o padr\u00e3o LTI para que o Mackenzie dependesse menos da performance do pr\u00f3prio Moodle para o uso do Elos. Posteriormente, o Instituto mudou o seu AVA e o Elos tamb\u00e9m foi integrado ao Canvas via LTI;<br \/><br \/><\/li><li>O suporte pr\u00f3ximo, personalizado e \u00e1gil na resolu\u00e7\u00e3o de eventuais problemas tamb\u00e9m foi um ponto crucial para a experi\u00eancia e satisfa\u00e7\u00e3o com o Elos;<br \/><br \/><\/li><li aria-level=\"1\">Funcionalidades pensadas para educa\u00e7\u00e3o, que promovem intera\u00e7\u00e3o em tempo real.<\/li><\/ul><p>\u00a0<\/p>\t\t\t\t\t\t\t\t<\/div>\n\t\t\t\t<\/div>\n\t\t\t\t\t<\/div>\n\t\t\t\t<\/div>\n\t\t<div class=\"elementor-element elementor-element-9299a49 e-flex e-con-boxed e-con e-child\" data-id=\"9299a49\" data-element_type=\"container\" data-settings=\"{&quot;background_background&quot;:&quot;classic&quot;}\">\n\t\t\t\t\t<div class=\"e-con-inner\">\n\t\t\t\t<div class=\"elementor-element elementor-element-66a52be1 elementor-widget elementor-widget-text-editor\" data-id=\"66a52be1\" data-element_type=\"widget\" data-widget_type=\"text-editor.default\">\n\t\t\t\t<div class=\"elementor-widget-container\">\n\t\t\t\t\t\t\t\t\t<p><i><span style=\"font-weight: 400;\">Segundo Ricardo Fukuda, Gerente de Tecnologia e Inova\u00e7\u00e3o do Mackenzie, as atividades EAD devem continuar se expandindo e o uso de tecnologias pedag\u00f3gicas, como o Elos, tornou-se essencial para conseguir destaque no mercado. <\/span><\/i><b><i>\u201cTemos que estar mais presentes nesse mercado, usando os recursos para estar atualizado e competitivo frente aos concorrentes.\u201d<\/i><\/b><\/p>\t\t\t\t\t\t\t\t<\/div>\n\t\t\t\t<\/div>\n\t\t\t\t\t<\/div>\n\t\t\t\t<\/div>\n\t\t\t\t\t<\/div>\n\t\t\t\t<\/div>\n\t\t<div class=\"elementor-element elementor-element-30c149ee e-flex e-con-boxed elementor-invisible e-con e-parent\" data-id=\"30c149ee\" data-element_type=\"container\" data-settings=\"{&quot;background_background&quot;:&quot;classic&quot;,&quot;animation&quot;:&quot;fadeIn&quot;}\">\n\t\t\t\t\t<div class=\"e-con-inner\">\n\t\t\t\t<div class=\"elementor-element elementor-element-1e1b0865 elementor-widget__width-initial elementor-widget elementor-widget-heading\" data-id=\"1e1b0865\" data-element_type=\"widget\" data-widget_type=\"heading.default\">\n\t\t\t\t<div class=\"elementor-widget-container\">\n\t\t\t\t\t<h2 class=\"elementor-heading-title elementor-size-default\">Se voc\u00ea tamb\u00e9m quer ter esses resultados entre em contato com a gente<\/h2>\t\t\t\t<\/div>\n\t\t\t\t<\/div>\n\t\t\t\t<div class=\"elementor-element elementor-element-33c58cac elementor-widget elementor-widget-button\" data-id=\"33c58cac\" data-element_type=\"widget\" data-widget_type=\"button.default\">\n\t\t\t\t<div class=\"elementor-widget-container\">\n\t\t\t\t\t\t\t\t\t<div class=\"elementor-button-wrapper\">\n\t\t\t\t\t<a class=\"elementor-button elementor-button-link elementor-size-sm elementor-animation-grow\" href=\"https:\/\/h.elos.dev\/site\/es\/agendar-demonstracao\/\">\n\t\t\t\t\t\t<span class=\"elementor-button-content-wrapper\">\n\t\t\t\t\t\t\t\t\t<span class=\"elementor-button-text\">Habla con un experto<\/span>\n\t\t\t\t\t<\/span>\n\t\t\t\t\t<\/a>\n\t\t\t\t<\/div>\n\t\t\t\t\t\t\t\t<\/div>\n\t\t\t\t<\/div>\n\t\t\t\t\t<\/div>\n\t\t\t\t<\/div>\n\t\t<div class=\"elementor-element elementor-element-31b232c2 e-flex e-con-boxed e-con e-parent\" data-id=\"31b232c2\" data-element_type=\"container\">\n\t\t\t\t\t<div class=\"e-con-inner\">\n\t\t<div class=\"elementor-element elementor-element-41bef23c e-flex e-con-boxed e-con e-child\" data-id=\"41bef23c\" data-element_type=\"container\">\n\t\t\t\t\t<div class=\"e-con-inner\">\n\t\t\t\t<div class=\"elementor-element elementor-element-1dee648c elementor-widget elementor-widget-html\" data-id=\"1dee648c\" data-element_type=\"widget\" data-widget_type=\"html.default\">\n\t\t\t\t<div class=\"elementor-widget-container\">\n\t\t\t\t\t<style>\n    .content {\n        max-width: 1310px;\n    }\n<\/style>\t\t\t\t<\/div>\n\t\t\t\t<\/div>\n\t\t\t\t\t<\/div>\n\t\t\t\t<\/div>\n\t\t\t\t\t<\/div>\n\t\t\t\t<\/div>\n\t\t\t\t<\/div>","protected":false},"excerpt":{"rendered":"<p>Devido \u00e0 necessidade de escalar o sistema de sala de aula virtual utilizado pela Institui\u00e7\u00e3o, com estabilidade para suportar o grande n\u00famero de alunos e aulas simult\u00e2neas e integr\u00e1vel ao sistema Moodle, come\u00e7ou a se desenhar a parceria entre Elos e Mackenzie. Como auxiliamos o Mackenzie? A integra\u00e7\u00e3o seguiu o padr\u00e3o LTI para que o [&hellip;]<\/p>","protected":false},"author":1,"featured_media":0,"parent":0,"menu_order":0,"comment_status":"closed","ping_status":"closed","template":"elementor_header_footer","meta":{"footnotes":""},"class_list":["post-2772","page","type-page","status-publish","hentry"],"aioseo_notices":[],"_links":{"self":[{"href":"https:\/\/h.elos.dev\/site\/es\/wp-json\/wp\/v2\/pages\/2772","targetHints":{"allow":["GET"]}}],"collection":[{"href":"https:\/\/h.elos.dev\/site\/es\/wp-json\/wp\/v2\/pages"}],"about":[{"href":"https:\/\/h.elos.dev\/site\/es\/wp-json\/wp\/v2\/types\/page"}],"author":[{"embeddable":true,"href":"https:\/\/h.elos.dev\/site\/es\/wp-json\/wp\/v2\/users\/1"}],"replies":[{"embeddable":true,"href":"https:\/\/h.elos.dev\/site\/es\/wp-json\/wp\/v2\/comments?post=2772"}],"version-history":[{"count":13,"href":"https:\/\/h.elos.dev\/site\/es\/wp-json\/wp\/v2\/pages\/2772\/revisions"}],"predecessor-version":[{"id":3138,"href":"https:\/\/h.elos.dev\/site\/es\/wp-json\/wp\/v2\/pages\/2772\/revisions\/3138"}],"wp:attachment":[{"href":"https:\/\/h.elos.dev\/site\/es\/wp-json\/wp\/v2\/media?parent=2772"}],"curies":[{"name":"wp","href":"https:\/\/api.w.org\/{rel}","templated":true}]}}