{"id":2739,"date":"2023-10-10T13:57:00","date_gmt":"2023-10-10T13:57:00","guid":{"rendered":"https:\/\/h.elos.dev\/site\/case-startse-2\/"},"modified":"2023-10-16T14:34:45","modified_gmt":"2023-10-16T14:34:45","slug":"startse","status":"publish","type":"page","link":"https:\/\/h.elos.dev\/site\/startse\/","title":{"rendered":"Case StartSe"},"content":{"rendered":"\t\t<div data-elementor-type=\"wp-page\" data-elementor-id=\"2739\" class=\"elementor elementor-2739\">\n\t\t\t\t<div class=\"elementor-element elementor-element-61021237 e-flex e-con-boxed elementor-invisible e-con e-parent\" data-id=\"61021237\" data-element_type=\"container\" data-settings=\"{&quot;background_background&quot;:&quot;classic&quot;,&quot;animation&quot;:&quot;fadeIn&quot;}\">\n\t\t\t\t\t<div class=\"e-con-inner\">\n\t\t<div class=\"elementor-element elementor-element-313bca7d e-con-full e-flex e-con e-child\" data-id=\"313bca7d\" data-element_type=\"container\" data-settings=\"{&quot;background_background&quot;:&quot;classic&quot;}\">\n\t\t\t\t<div class=\"elementor-element elementor-element-164bd77e elementor-widget elementor-widget-image\" data-id=\"164bd77e\" data-element_type=\"widget\" data-widget_type=\"image.default\">\n\t\t\t\t<div class=\"elementor-widget-container\">\n\t\t\t\t\t\t\t\t\t\t\t\t\t\t\t<img decoding=\"async\" src=\"https:\/\/h.elos.dev\/wp-content\/uploads\/2023\/10\/Logo_StartSe.svg\" class=\"attachment-full size-full wp-image-2543\" alt=\"\" \/>\t\t\t\t\t\t\t\t\t\t\t\t\t\t\t<\/div>\n\t\t\t\t<\/div>\n\t\t\t\t<\/div>\n\t\t\t\t\t<\/div>\n\t\t\t\t<\/div>\n\t\t<div class=\"elementor-element elementor-element-6c295873 e-flex e-con-boxed elementor-invisible e-con e-parent\" data-id=\"6c295873\" data-element_type=\"container\" data-settings=\"{&quot;animation&quot;:&quot;fadeIn&quot;}\">\n\t\t\t\t\t<div class=\"e-con-inner\">\n\t\t\t\t<div class=\"elementor-element elementor-element-5cb80901 elementor-widget elementor-widget-icon-box\" data-id=\"5cb80901\" data-element_type=\"widget\" data-widget_type=\"icon-box.default\">\n\t\t\t\t<div class=\"elementor-widget-container\">\n\t\t\t\t\t\t\t<div class=\"elementor-icon-box-wrapper\">\n\n\t\t\t\n\t\t\t\t\t\t<div class=\"elementor-icon-box-content\">\n\n\t\t\t\t\n\t\t\t\t\t\t\t\t\t<p class=\"elementor-icon-box-description\">\n\t\t\t\t\t\tA Escola StartSe buscava por uma solu\u00e7\u00e3o de videoconfer\u00eancia para a realiza\u00e7\u00e3o de um dos mais importantes eventos da institui\u00e7\u00e3o chamado Sillicon Valley Web Conference. O SVWC reuniu de forma online cerca de 100 das mais reconhecidas personalidades da inova\u00e7\u00e3o, nacional e internacional. Para que tudo acontecesse da melhor forma poss\u00edvel, era preciso que a tecnologia fosse de f\u00e1cil usabilidade e com funcionalidades facilitadoras. \t\t\t\t\t<\/p>\n\t\t\t\t\n\t\t\t<\/div>\n\t\t\t\n\t\t<\/div>\n\t\t\t\t\t\t<\/div>\n\t\t\t\t<\/div>\n\t\t<div class=\"elementor-element elementor-element-60566f1b e-flex e-con-boxed e-con e-child\" data-id=\"60566f1b\" data-element_type=\"container\">\n\t\t\t\t\t<div class=\"e-con-inner\">\n\t\t\t\t<div class=\"elementor-element elementor-element-4b2784df elementor-widget elementor-widget-heading\" data-id=\"4b2784df\" data-element_type=\"widget\" data-widget_type=\"heading.default\">\n\t\t\t\t<div class=\"elementor-widget-container\">\n\t\t\t\t\t<h2 class=\"elementor-heading-title elementor-size-default\">Como auxiliamos a StartSe?<\/h2>\t\t\t\t<\/div>\n\t\t\t\t<\/div>\n\t\t\t\t<div class=\"elementor-element elementor-element-53c141fe elementor-widget elementor-widget-text-editor\" data-id=\"53c141fe\" data-element_type=\"widget\" data-widget_type=\"text-editor.default\">\n\t\t\t\t<div class=\"elementor-widget-container\">\n\t\t\t\t\t\t\t\t\t<ul><li style=\"font-weight: 400;\" aria-level=\"1\"><span style=\"font-weight: 400;\">Funcionalidades para promover a intera\u00e7\u00e3o e personaliza\u00e7\u00e3o do evento;\u00a0<\/span><\/li><\/ul><p>\u00a0<\/p><ul><li style=\"font-weight: 400;\" aria-level=\"1\"><span style=\"font-weight: 400;\">Aproxima\u00e7\u00e3o entre os palestrantes internacionais e nacionais;<\/span><\/li><\/ul><p>\u00a0<\/p><ul><li style=\"font-weight: 400;\" aria-level=\"1\"><span style=\"font-weight: 400;\">Personaliza\u00e7\u00e3o de algumas features de acordo com a necessidade da StartSe.<\/span><\/li><\/ul>\t\t\t\t\t\t\t\t<\/div>\n\t\t\t\t<\/div>\n\t\t\t\t\t<\/div>\n\t\t\t\t<\/div>\n\t\t<div class=\"elementor-element elementor-element-703a8118 e-flex e-con-boxed e-con e-child\" data-id=\"703a8118\" data-element_type=\"container\" data-settings=\"{&quot;background_background&quot;:&quot;classic&quot;}\">\n\t\t\t\t\t<div class=\"e-con-inner\">\n\t\t\t\t<div class=\"elementor-element elementor-element-5d07775e elementor-widget elementor-widget-text-editor\" data-id=\"5d07775e\" data-element_type=\"widget\" data-widget_type=\"text-editor.default\">\n\t\t\t\t<div class=\"elementor-widget-container\">\n\t\t\t\t\t\t\t\t\t<p><i><span style=\"font-weight: 400;\">\u201cA din\u00e2mica e as possibilidades criativas fizeram toda a diferen\u00e7a, Isso nos ajudou a entregar um evento com excel\u00eancia e sem maiores problemas.\u2019\u2019 <\/span><\/i><span style=\"font-weight: 400;\">&#8211; <\/span><b>Caio Giolo, Head de Opera\u00e7\u00f5es e Log\u00edstica.<\/b><\/p>\t\t\t\t\t\t\t\t<\/div>\n\t\t\t\t<\/div>\n\t\t\t\t\t<\/div>\n\t\t\t\t<\/div>\n\t\t\t\t\t<\/div>\n\t\t\t\t<\/div>\n\t\t<div class=\"elementor-element elementor-element-235c58c6 content e-flex e-con-boxed elementor-invisible e-con e-parent\" data-id=\"235c58c6\" data-element_type=\"container\" data-settings=\"{&quot;animation&quot;:&quot;fadeIn&quot;}\">\n\t\t\t\t\t<div class=\"e-con-inner\">\n\t\t\t\t<div class=\"elementor-element elementor-element-598cf056 elementor-widget elementor-widget-icon-box\" data-id=\"598cf056\" data-element_type=\"widget\" data-widget_type=\"icon-box.default\">\n\t\t\t\t<div class=\"elementor-widget-container\">\n\t\t\t\t\t\t\t<div class=\"elementor-icon-box-wrapper\">\n\n\t\t\t\n\t\t\t\t\t\t<div class=\"elementor-icon-box-content\">\n\n\t\t\t\t\t\t\t\t\t<h3 class=\"elementor-icon-box-title\">\n\t\t\t\t\t\t<span  >\n\t\t\t\t\t\t\tModo ouvinte\t\t\t\t\t\t<\/span>\n\t\t\t\t\t<\/h3>\n\t\t\t\t\n\t\t\t\t\t\t\t\t\t<p class=\"elementor-icon-box-description\">\n\t\t\t\t\t\tSe voc\u00ea quiser consumir esse conte\u00fado em \u00e1udio, acesse o Modo Ouvinte, o Podcast do Elos:\t\t\t\t\t<\/p>\n\t\t\t\t\n\t\t\t<\/div>\n\t\t\t\n\t\t<\/div>\n\t\t\t\t\t\t<\/div>\n\t\t\t\t<\/div>\n\t\t\t\t<div class=\"elementor-element elementor-element-70632a46 elementor-hidden-mobile elementor-widget elementor-widget-html\" data-id=\"70632a46\" data-element_type=\"widget\" data-widget_type=\"html.default\">\n\t\t\t\t<div class=\"elementor-widget-container\">\n\t\t\t\t\t<iframe style=\"border-radius:12px\" src=\"https:\/\/open.spotify.com\/embed\/episode\/7pTgkqIAcxWdsAGqZS7DGV?utm_source=generator&theme=0&t=0\" width=\"100%\" height=\"152\" frameBorder=\"0\" allowfullscreen=\"\" allow=\"autoplay; clipboard-write; encrypted-media; fullscreen; picture-in-picture\" loading=\"lazy\"><\/iframe>\t\t\t\t<\/div>\n\t\t\t\t<\/div>\n\t\t\t\t<div class=\"elementor-element elementor-element-7003ed83 elementor-hidden-desktop elementor-hidden-tablet elementor-widget elementor-widget-html\" data-id=\"7003ed83\" data-element_type=\"widget\" data-widget_type=\"html.default\">\n\t\t\t\t<div class=\"elementor-widget-container\">\n\t\t\t\t\t<iframe style=\"border-radius:12px\" src=\"https:\/\/open.spotify.com\/embed\/episode\/7pTgkqIAcxWdsAGqZS7DGV?utm_source=generator&theme=0\" width=\"100%\" height=\"352\" frameBorder=\"0\" allowfullscreen=\"\" allow=\"autoplay; clipboard-write; encrypted-media; fullscreen; picture-in-picture\" loading=\"lazy\"><\/iframe>\t\t\t\t<\/div>\n\t\t\t\t<\/div>\n\t\t\t\t\t<\/div>\n\t\t\t\t<\/div>\n\t\t<div class=\"elementor-element elementor-element-160f1167 e-flex e-con-boxed elementor-invisible e-con e-parent\" data-id=\"160f1167\" data-element_type=\"container\" data-settings=\"{&quot;background_background&quot;:&quot;classic&quot;,&quot;animation&quot;:&quot;fadeIn&quot;}\">\n\t\t\t\t\t<div class=\"e-con-inner\">\n\t\t\t\t<div class=\"elementor-element elementor-element-42569b16 elementor-widget__width-initial elementor-widget elementor-widget-heading\" data-id=\"42569b16\" data-element_type=\"widget\" data-widget_type=\"heading.default\">\n\t\t\t\t<div class=\"elementor-widget-container\">\n\t\t\t\t\t<h2 class=\"elementor-heading-title elementor-size-default\">Se voc\u00ea tamb\u00e9m quer ter esses resultados entre em contato com a gente<\/h2>\t\t\t\t<\/div>\n\t\t\t\t<\/div>\n\t\t\t\t<div class=\"elementor-element elementor-element-27c03cb3 elementor-widget elementor-widget-button\" data-id=\"27c03cb3\" data-element_type=\"widget\" data-widget_type=\"button.default\">\n\t\t\t\t<div class=\"elementor-widget-container\">\n\t\t\t\t\t\t\t\t\t<div class=\"elementor-button-wrapper\">\n\t\t\t\t\t<a class=\"elementor-button elementor-button-link elementor-size-sm elementor-animation-grow\" href=\"https:\/\/h.elos.dev\/site\/agendar-demonstracao\/\">\n\t\t\t\t\t\t<span class=\"elementor-button-content-wrapper\">\n\t\t\t\t\t\t\t\t\t<span class=\"elementor-button-text\">Falar com especialista<\/span>\n\t\t\t\t\t<\/span>\n\t\t\t\t\t<\/a>\n\t\t\t\t<\/div>\n\t\t\t\t\t\t\t\t<\/div>\n\t\t\t\t<\/div>\n\t\t\t\t\t<\/div>\n\t\t\t\t<\/div>\n\t\t<div class=\"elementor-element elementor-element-161386b3 e-flex e-con-boxed e-con e-parent\" data-id=\"161386b3\" data-element_type=\"container\">\n\t\t\t\t\t<div class=\"e-con-inner\">\n\t\t<div class=\"elementor-element elementor-element-3499b903 e-flex e-con-boxed e-con e-child\" data-id=\"3499b903\" data-element_type=\"container\">\n\t\t\t\t\t<div class=\"e-con-inner\">\n\t\t\t\t<div class=\"elementor-element elementor-element-1b4657a8 elementor-widget elementor-widget-html\" data-id=\"1b4657a8\" data-element_type=\"widget\" data-widget_type=\"html.default\">\n\t\t\t\t<div class=\"elementor-widget-container\">\n\t\t\t\t\t<style>\n    .content {\n        max-width: 1310px;\n    }\n<\/style>\t\t\t\t<\/div>\n\t\t\t\t<\/div>\n\t\t\t\t\t<\/div>\n\t\t\t\t<\/div>\n\t\t\t\t\t<\/div>\n\t\t\t\t<\/div>\n\t\t\t\t<\/div>\n\t\t","protected":false},"excerpt":{"rendered":"<p>A Escola StartSe buscava por uma solu\u00e7\u00e3o de videoconfer\u00eancia para a realiza\u00e7\u00e3o de um dos mais importantes eventos da institui\u00e7\u00e3o chamado Sillicon Valley Web Conference. O SVWC reuniu de forma online cerca de 100 das mais reconhecidas personalidades da inova\u00e7\u00e3o, nacional e internacional. Para que tudo acontecesse da melhor forma poss\u00edvel, era preciso que a [&hellip;]<\/p>\n","protected":false},"author":1,"featured_media":0,"parent":0,"menu_order":0,"comment_status":"closed","ping_status":"closed","template":"elementor_header_footer","meta":{"footnotes":""},"class_list":["post-2739","page","type-page","status-publish","hentry"],"aioseo_notices":[],"_links":{"self":[{"href":"https:\/\/h.elos.dev\/site\/wp-json\/wp\/v2\/pages\/2739","targetHints":{"allow":["GET"]}}],"collection":[{"href":"https:\/\/h.elos.dev\/site\/wp-json\/wp\/v2\/pages"}],"about":[{"href":"https:\/\/h.elos.dev\/site\/wp-json\/wp\/v2\/types\/page"}],"author":[{"embeddable":true,"href":"https:\/\/h.elos.dev\/site\/wp-json\/wp\/v2\/users\/1"}],"replies":[{"embeddable":true,"href":"https:\/\/h.elos.dev\/site\/wp-json\/wp\/v2\/comments?post=2739"}],"version-history":[{"count":13,"href":"https:\/\/h.elos.dev\/site\/wp-json\/wp\/v2\/pages\/2739\/revisions"}],"predecessor-version":[{"id":3147,"href":"https:\/\/h.elos.dev\/site\/wp-json\/wp\/v2\/pages\/2739\/revisions\/3147"}],"wp:attachment":[{"href":"https:\/\/h.elos.dev\/site\/wp-json\/wp\/v2\/media?parent=2739"}],"curies":[{"name":"wp","href":"https:\/\/api.w.org\/{rel}","templated":true}]}}