{"id":2742,"date":"2023-10-10T13:57:01","date_gmt":"2023-10-10T13:57:01","guid":{"rendered":"https:\/\/h.elos.dev\/site\/case-masp-2\/"},"modified":"2023-10-16T14:34:09","modified_gmt":"2023-10-16T14:34:09","slug":"masp","status":"publish","type":"page","link":"https:\/\/h.elos.dev\/site\/masp\/","title":{"rendered":"Case MASP"},"content":{"rendered":"\t\t<div data-elementor-type=\"wp-page\" data-elementor-id=\"2742\" class=\"elementor elementor-2742\">\n\t\t\t\t<div class=\"elementor-element elementor-element-46600a23 e-flex e-con-boxed elementor-invisible e-con e-parent\" data-id=\"46600a23\" data-element_type=\"container\" data-settings=\"{&quot;background_background&quot;:&quot;classic&quot;,&quot;animation&quot;:&quot;fadeIn&quot;}\">\n\t\t\t\t\t<div class=\"e-con-inner\">\n\t\t<div class=\"elementor-element elementor-element-4fe06242 e-con-full e-flex e-con e-child\" data-id=\"4fe06242\" data-element_type=\"container\" data-settings=\"{&quot;background_background&quot;:&quot;classic&quot;}\">\n\t\t\t\t<div class=\"elementor-element elementor-element-1e9dfae4 elementor-widget elementor-widget-image\" data-id=\"1e9dfae4\" data-element_type=\"widget\" data-widget_type=\"image.default\">\n\t\t\t\t<div class=\"elementor-widget-container\">\n\t\t\t\t\t\t\t\t\t\t\t\t\t\t\t<img decoding=\"async\" width=\"197\" height=\"88\" src=\"https:\/\/h.elos.dev\/wp-content\/uploads\/2023\/09\/Logo_MASP-1.svg\" class=\"attachment-full size-full wp-image-2318\" alt=\"\" \/>\t\t\t\t\t\t\t\t\t\t\t\t\t\t\t<\/div>\n\t\t\t\t<\/div>\n\t\t\t\t<\/div>\n\t\t\t\t\t<\/div>\n\t\t\t\t<\/div>\n\t\t<div class=\"elementor-element elementor-element-2ee6e878 e-flex e-con-boxed elementor-invisible e-con e-parent\" data-id=\"2ee6e878\" data-element_type=\"container\" data-settings=\"{&quot;animation&quot;:&quot;fadeIn&quot;}\">\n\t\t\t\t\t<div class=\"e-con-inner\">\n\t\t\t\t<div class=\"elementor-element elementor-element-2dd263bb elementor-widget elementor-widget-icon-box\" data-id=\"2dd263bb\" data-element_type=\"widget\" data-widget_type=\"icon-box.default\">\n\t\t\t\t<div class=\"elementor-widget-container\">\n\t\t\t\t\t\t\t<div class=\"elementor-icon-box-wrapper\">\n\n\t\t\t\n\t\t\t\t\t\t<div class=\"elementor-icon-box-content\">\n\n\t\t\t\t\n\t\t\t\t\t\t\t\t\t<p class=\"elementor-icon-box-description\">\n\t\t\t\t\t\tO Museu de Arte de S\u00e3o Paulo encontrou a nossa plataforma atrav\u00e9s da necessidade de continuar os cursos do MASP Escola em um momento de pandemia. A ferramenta precisava ser din\u00e2mica e interativa para que a qualidade do ensino se mantivesse.\t\t\t\t\t<\/p>\n\t\t\t\t\n\t\t\t<\/div>\n\t\t\t\n\t\t<\/div>\n\t\t\t\t\t\t<\/div>\n\t\t\t\t<\/div>\n\t\t<div class=\"elementor-element elementor-element-7538902 e-flex e-con-boxed e-con e-child\" data-id=\"7538902\" data-element_type=\"container\">\n\t\t\t\t\t<div class=\"e-con-inner\">\n\t\t\t\t<div class=\"elementor-element elementor-element-76b9864a elementor-widget elementor-widget-heading\" data-id=\"76b9864a\" data-element_type=\"widget\" data-widget_type=\"heading.default\">\n\t\t\t\t<div class=\"elementor-widget-container\">\n\t\t\t\t\t<h2 class=\"elementor-heading-title elementor-size-default\">Como auxiliamos o MASP?<\/h2>\t\t\t\t<\/div>\n\t\t\t\t<\/div>\n\t\t\t\t<div class=\"elementor-element elementor-element-4f0f7cce elementor-widget elementor-widget-text-editor\" data-id=\"4f0f7cce\" data-element_type=\"widget\" data-widget_type=\"text-editor.default\">\n\t\t\t\t<div class=\"elementor-widget-container\">\n\t\t\t\t\t\t\t\t\t<ul><li style=\"font-weight: 400;\" aria-level=\"1\"><span style=\"font-weight: 400;\">Funcionalidades que promovem a intera\u00e7\u00e3o em tempo real;<\/span><\/li><\/ul><p>\u00a0<\/p><ul><li style=\"font-weight: 400;\" aria-level=\"1\"><span style=\"font-weight: 400;\">Proximidade do time de suporte com o MASP. garantindo mais seguran\u00e7a e tranquilidade;<\/span><\/li><\/ul>\t\t\t\t\t\t\t\t<\/div>\n\t\t\t\t<\/div>\n\t\t\t\t\t<\/div>\n\t\t\t\t<\/div>\n\t\t<div class=\"elementor-element elementor-element-6b190fcf e-flex e-con-boxed e-con e-child\" data-id=\"6b190fcf\" data-element_type=\"container\" data-settings=\"{&quot;background_background&quot;:&quot;classic&quot;}\">\n\t\t\t\t\t<div class=\"e-con-inner\">\n\t\t\t\t<div class=\"elementor-element elementor-element-698d6a54 elementor-widget elementor-widget-text-editor\" data-id=\"698d6a54\" data-element_type=\"widget\" data-widget_type=\"text-editor.default\">\n\t\t\t\t<div class=\"elementor-widget-container\">\n\t\t\t\t\t\t\t\t\t<p><i><span style=\"font-weight: 400;\">\u2018\u2019O per\u00edodo de parceria foi muito produtivo e enriquecedor, mesmo dentro deste cen\u00e1rio extraordin\u00e1rio e de profunda reinven\u00e7\u00e3o. A cada curso iniciado no Elos, aumentamos a nossa efici\u00eancia e reconhecimento das potencialidades t\u00e9cnicas da plataforma.\u2019\u2019 &#8211; <\/span><\/i><b><i>Horrana de K\u00e1ssia Santoz, Assistente Curatorial- Media\u00e7\u00e3o e Programas P\u00fablicos do MASP Escola.<\/i><\/b><\/p>\t\t\t\t\t\t\t\t<\/div>\n\t\t\t\t<\/div>\n\t\t\t\t\t<\/div>\n\t\t\t\t<\/div>\n\t\t\t\t\t<\/div>\n\t\t\t\t<\/div>\n\t\t<div class=\"elementor-element elementor-element-37fa0ea9 e-flex e-con-boxed elementor-invisible e-con e-parent\" data-id=\"37fa0ea9\" data-element_type=\"container\" data-settings=\"{&quot;background_background&quot;:&quot;classic&quot;,&quot;animation&quot;:&quot;fadeIn&quot;}\">\n\t\t\t\t\t<div class=\"e-con-inner\">\n\t\t\t\t<div class=\"elementor-element elementor-element-1f681d91 elementor-widget__width-initial elementor-widget elementor-widget-heading\" data-id=\"1f681d91\" data-element_type=\"widget\" data-widget_type=\"heading.default\">\n\t\t\t\t<div class=\"elementor-widget-container\">\n\t\t\t\t\t<h2 class=\"elementor-heading-title elementor-size-default\">Se voc\u00ea tamb\u00e9m quer ter esses resultados entre em contato com a gente<\/h2>\t\t\t\t<\/div>\n\t\t\t\t<\/div>\n\t\t\t\t<div class=\"elementor-element elementor-element-9974ff2 elementor-widget elementor-widget-button\" data-id=\"9974ff2\" data-element_type=\"widget\" data-widget_type=\"button.default\">\n\t\t\t\t<div class=\"elementor-widget-container\">\n\t\t\t\t\t\t\t\t\t<div class=\"elementor-button-wrapper\">\n\t\t\t\t\t<a class=\"elementor-button elementor-button-link elementor-size-sm elementor-animation-grow\" href=\"https:\/\/h.elos.dev\/site\/agendar-demonstracao\/\">\n\t\t\t\t\t\t<span class=\"elementor-button-content-wrapper\">\n\t\t\t\t\t\t\t\t\t<span class=\"elementor-button-text\">Falar com especialista<\/span>\n\t\t\t\t\t<\/span>\n\t\t\t\t\t<\/a>\n\t\t\t\t<\/div>\n\t\t\t\t\t\t\t\t<\/div>\n\t\t\t\t<\/div>\n\t\t\t\t\t<\/div>\n\t\t\t\t<\/div>\n\t\t<div class=\"elementor-element elementor-element-69307610 e-flex e-con-boxed e-con e-parent\" data-id=\"69307610\" data-element_type=\"container\">\n\t\t\t\t\t<div class=\"e-con-inner\">\n\t\t<div class=\"elementor-element elementor-element-1ae706a5 e-flex e-con-boxed e-con e-child\" data-id=\"1ae706a5\" data-element_type=\"container\">\n\t\t\t\t\t<div class=\"e-con-inner\">\n\t\t\t\t<div class=\"elementor-element elementor-element-314d228 elementor-widget elementor-widget-html\" data-id=\"314d228\" data-element_type=\"widget\" data-widget_type=\"html.default\">\n\t\t\t\t<div class=\"elementor-widget-container\">\n\t\t\t\t\t<style>\n    .content {\n        max-width: 1310px;\n    }\n<\/style>\t\t\t\t<\/div>\n\t\t\t\t<\/div>\n\t\t\t\t\t<\/div>\n\t\t\t\t<\/div>\n\t\t\t\t\t<\/div>\n\t\t\t\t<\/div>\n\t\t\t\t<\/div>\n\t\t","protected":false},"excerpt":{"rendered":"<p>O Museu de Arte de S\u00e3o Paulo encontrou a nossa plataforma atrav\u00e9s da necessidade de continuar os cursos do MASP Escola em um momento de pandemia. A ferramenta precisava ser din\u00e2mica e interativa para que a qualidade do ensino se mantivesse. Como auxiliamos o MASP? Funcionalidades que promovem a intera\u00e7\u00e3o em tempo real; \u00a0 Proximidade [&hellip;]<\/p>\n","protected":false},"author":1,"featured_media":0,"parent":0,"menu_order":0,"comment_status":"closed","ping_status":"closed","template":"elementor_header_footer","meta":{"footnotes":""},"class_list":["post-2742","page","type-page","status-publish","hentry"],"aioseo_notices":[],"_links":{"self":[{"href":"https:\/\/h.elos.dev\/site\/wp-json\/wp\/v2\/pages\/2742","targetHints":{"allow":["GET"]}}],"collection":[{"href":"https:\/\/h.elos.dev\/site\/wp-json\/wp\/v2\/pages"}],"about":[{"href":"https:\/\/h.elos.dev\/site\/wp-json\/wp\/v2\/types\/page"}],"author":[{"embeddable":true,"href":"https:\/\/h.elos.dev\/site\/wp-json\/wp\/v2\/users\/1"}],"replies":[{"embeddable":true,"href":"https:\/\/h.elos.dev\/site\/wp-json\/wp\/v2\/comments?post=2742"}],"version-history":[{"count":13,"href":"https:\/\/h.elos.dev\/site\/wp-json\/wp\/v2\/pages\/2742\/revisions"}],"predecessor-version":[{"id":3141,"href":"https:\/\/h.elos.dev\/site\/wp-json\/wp\/v2\/pages\/2742\/revisions\/3141"}],"wp:attachment":[{"href":"https:\/\/h.elos.dev\/site\/wp-json\/wp\/v2\/media?parent=2742"}],"curies":[{"name":"wp","href":"https:\/\/api.w.org\/{rel}","templated":true}]}}